{"id":1814,"date":"2021-10-22T14:52:26","date_gmt":"2021-10-22T11:52:26","guid":{"rendered":"https:\/\/sarica.av.tr\/contract-management\/"},"modified":"2021-10-22T17:12:04","modified_gmt":"2021-10-22T14:12:04","slug":"contract-management","status":"publish","type":"page","link":"https:\/\/sarica.av.tr\/en\/contract-management\/","title":{"rendered":"Contract Management"},"content":{"rendered":"<p>[vc_row gap=&#8221;30&#8243; equal_height=&#8221;yes&#8221; bg_type=&#8221;bg_color&#8221; bg_override=&#8221;ex-full&#8221; type=&#8221;vc_default&#8221; css=&#8221;.vc_custom_1631171505533{padding-top: 70px !important;padding-bottom: 70px !important;}&#8221; bg_color_value=&#8221;#ffffff&#8221;][vc_column width=&#8221;1\/4&#8243;][vc_single_image image=&#8221;1622&#8243; img_size=&#8221;full&#8221; alignment=&#8221;center&#8221; style=&#8221;vc_box_circle_2&#8243;][\/vc_column][vc_column width=&#8221;3\/4&#8243;]<div id=\"ultimate-heading-848969f4b98901f8d\" class=\"uvc-heading ult-adjust-bottom-margin ultimate-heading-848969f4b98901f8d uvc-2062 \" data-hspacer=\"no_spacer\"  data-halign=\"left\" style=\"text-align:left\"><div class=\"uvc-heading-spacer no_spacer\" style=\"top\"><\/div><div class=\"uvc-main-heading ult-responsive\"  data-ultimate-target='.uvc-heading.ultimate-heading-848969f4b98901f8d h2'  data-responsive-json-new='{\"font-size\":\"desktop:30px;\",\"line-height\":\"desktop:40px;\"}' ><h2 style=\"font-family:&#039;PT Serif&#039;;--font-weight:theme;margin-top:10px;margin-bottom:10px;\">Contract Management<\/h2><\/div><div class=\"uvc-sub-heading ult-responsive\"  data-ultimate-target='.uvc-heading.ultimate-heading-848969f4b98901f8d .uvc-sub-heading '  data-responsive-json-new='{\"font-size\":\"\",\"line-height\":\"\"}'  style=\"font-weight:normal;margin-top:10px;margin-bottom:10px;\"><span style=\"font-weight: 400;\">A contract is a legally binding instrument that sets out the expectations and obligations of the parties involved in it. Accordingly, it is crucial for a party entering into a contract to clearly understand the terms and conditions of the contract which exposes them to certain duties and obligations. Sar\u0131ca Law Firm provides legal assistance to its clients with respect to preparation, negotiation, performance, enforcement, and termination of contracts as well as all other types of contractual processes. Sar\u0131ca Law Firm advise on a wide range of contracts, including but not limited to the following: service agreements, confidentiality agreements, lease agreements, employment contracts, sales agreements, distributorship agreements, toll manufacturing agreements and franchise agreements.\u00a0\u00a0<\/span><\/div><\/div>[\/vc_column][\/vc_row][vc_row][vc_column]<div id=\"ultimate-heading-349569f4b9890206c\" class=\"uvc-heading ult-adjust-bottom-margin ultimate-heading-349569f4b9890206c uvc-9994 \" data-hspacer=\"no_spacer\"  data-halign=\"left\" style=\"text-align:left\"><div class=\"uvc-heading-spacer no_spacer\" style=\"top\"><\/div><div class=\"uvc-main-heading ult-responsive\"  data-ultimate-target='.uvc-heading.ultimate-heading-349569f4b9890206c h2'  data-responsive-json-new='{\"font-size\":\"desktop:30px;\",\"line-height\":\"desktop:40px;\"}' ><h2 style=\"font-family:&#039;PT Serif&#039;;--font-weight:theme;margin-top:10px;margin-bottom:10px;\">Blog<\/h2><\/div><\/div><style type=\"text\/css\" data-type=\"the7_shortcodes-inline-css\">.blog-shortcode.blog-masonry-shortcode-id-df3235060908cca6ca755ff15947dac1.dividers-on.classic-layout-list article {\n  padding-top: 0;\n}\n.blog-shortcode.blog-masonry-shortcode-id-df3235060908cca6ca755ff15947dac1.dividers-on.classic-layout-list article:first-of-type {\n  margin-top: 0;\n  padding-top: 0;\n}\n.blog-shortcode.blog-masonry-shortcode-id-df3235060908cca6ca755ff15947dac1.classic-layout-list.mode-list .post-entry-content {\n  width: calc(100% - );\n}\n.blog-shortcode.blog-masonry-shortcode-id-df3235060908cca6ca755ff15947dac1.classic-layout-list.mode-list .no-img .post-entry-content {\n  width: 100%;\n}\n.blog-shortcode.blog-masonry-shortcode-id-df3235060908cca6ca755ff15947dac1 .filter-bg-decoration .filter-categories a.act {\n  color: #fff;\n}\n.blog-shortcode.blog-masonry-shortcode-id-df3235060908cca6ca755ff15947dac1:not(.mode-masonry) article:first-of-type,\n.blog-shortcode.blog-masonry-shortcode-id-df3235060908cca6ca755ff15947dac1:not(.mode-masonry) article.visible.first:not(.product) {\n  margin-top: 0;\n}\n.blog-shortcode.blog-masonry-shortcode-id-df3235060908cca6ca755ff15947dac1.dividers-on:not(.mode-masonry) article {\n  margin-top: 0;\n}\n.blog-shortcode.blog-masonry-shortcode-id-df3235060908cca6ca755ff15947dac1.dividers-on:not(.mode-masonry) article:first-of-type,\n.blog-shortcode.blog-masonry-shortcode-id-df3235060908cca6ca755ff15947dac1.dividers-on:not(.mode-masonry) article.visible.first:not(.product) {\n  margin-top: 0;\n  padding-top: 0;\n}\n.blog-shortcode.blog-masonry-shortcode-id-df3235060908cca6ca755ff15947dac1 .post-thumbnail-wrap {\n  padding: 0px 0px 0px 0px;\n}\n.blog-shortcode.blog-masonry-shortcode-id-df3235060908cca6ca755ff15947dac1.enable-bg-rollover .post-thumbnail-rollover:after {\n  background: -webkit-linear-gradient();\n  background: linear-gradient();\n}\n.blog-shortcode.blog-masonry-shortcode-id-df3235060908cca6ca755ff15947dac1 .gallery-zoom-ico {\n  width: 44px;\n  height: 44px;\n  line-height: 44px;\n  border-radius: 100px;\n  margin: -22px 0 0 -22px;\n  border-width: 0px;\n  color: #ffffff;\n}\n.bottom-overlap-layout-list.blog-shortcode.blog-masonry-shortcode-id-df3235060908cca6ca755ff15947dac1 .gallery-zoom-ico {\n  margin-top: -72px;\n}\n.gradient-overlay-layout-list.blog-shortcode.blog-masonry-shortcode-id-df3235060908cca6ca755ff15947dac1 .gallery-zoom-ico,\n.content-rollover-layout-list.blog-shortcode.blog-masonry-shortcode-id-df3235060908cca6ca755ff15947dac1 .gallery-zoom-ico {\n  margin: 0 0 10px;\n}\n.content-align-center.gradient-overlay-layout-list.blog-shortcode.blog-masonry-shortcode-id-df3235060908cca6ca755ff15947dac1 .gallery-zoom-ico,\n.content-align-center.content-rollover-layout-list.blog-shortcode.blog-masonry-shortcode-id-df3235060908cca6ca755ff15947dac1 .gallery-zoom-ico {\n  margin: 0 auto 10px;\n}\n.dt-icon-bg-on.blog-shortcode.blog-masonry-shortcode-id-df3235060908cca6ca755ff15947dac1 .gallery-zoom-ico {\n  background: rgba(255,255,255,0.3);\n  box-shadow: none;\n}\n.blog-shortcode.blog-masonry-shortcode-id-df3235060908cca6ca755ff15947dac1 .gallery-zoom-ico > span,\n.blog-shortcode.blog-masonry-shortcode-id-df3235060908cca6ca755ff15947dac1 .gallery-zoom-ico:before {\n  font-size: 32px;\n  line-height: 44px;\n}\n.blog-shortcode.blog-masonry-shortcode-id-df3235060908cca6ca755ff15947dac1 .gallery-zoom-ico > span,\n.blog-shortcode.blog-masonry-shortcode-id-df3235060908cca6ca755ff15947dac1 .gallery-zoom-ico:before {\n  color: #ffffff;\n}\n.blog-shortcode.blog-masonry-shortcode-id-df3235060908cca6ca755ff15947dac1 .entry-title,\n.blog-shortcode.blog-masonry-shortcode-id-df3235060908cca6ca755ff15947dac1.owl-carousel .entry-title {\n  margin-bottom: 5px;\n  font-weight: bold;\n}\n.blog-shortcode.blog-masonry-shortcode-id-df3235060908cca6ca755ff15947dac1 .entry-meta {\n  margin-bottom: 15px;\n}\n.blog-shortcode.blog-masonry-shortcode-id-df3235060908cca6ca755ff15947dac1 .portfolio-categories {\n  margin-bottom: 15px;\n}\n.blog-shortcode.blog-masonry-shortcode-id-df3235060908cca6ca755ff15947dac1 .entry-excerpt {\n  margin-bottom: 5px;\n}\n.blog-shortcode.blog-masonry-shortcode-id-df3235060908cca6ca755ff15947dac1:not(.centered-layout-list) .post-entry-content {\n  padding: 25px 30px 30px 30px;\n}\n.blog-shortcode.blog-masonry-shortcode-id-df3235060908cca6ca755ff15947dac1:not(.centered-layout-list):not(.content-bg-on):not(.mode-list) .no-img .post-entry-content {\n  padding: 0;\n}\n@media screen and (max-width: ) {\n  .blog-shortcode.blog-masonry-shortcode-id-df3235060908cca6ca755ff15947dac1 article {\n    -ms-flex-flow: column nowrap;\n    flex-flow: column nowrap;\n    margin-top: 20px;\n  }\n  .blog-shortcode.blog-masonry-shortcode-id-df3235060908cca6ca755ff15947dac1.dividers-on article {\n    border: none;\n  }\n  .blog-shortcode.blog-masonry-shortcode-id-df3235060908cca6ca755ff15947dac1.content-bg-on.centered-layout-list article {\n    padding: 0;\n  }\n  .blog-shortcode.blog-masonry-shortcode-id-df3235060908cca6ca755ff15947dac1.blog-shortcode.dividers-on article,\n  .blog-shortcode.blog-masonry-shortcode-id-df3235060908cca6ca755ff15947dac1.dividers-on.classic-layout-list article {\n    margin-top: 20px;\n    padding: 0;\n  }\n  .blog-shortcode.blog-masonry-shortcode-id-df3235060908cca6ca755ff15947dac1.blog-shortcode.dividers-on article:first-of-type,\n  .blog-shortcode.blog-masonry-shortcode-id-df3235060908cca6ca755ff15947dac1.dividers-on.classic-layout-list article:first-of-type {\n    padding: 0;\n  }\n  #page .blog-shortcode.blog-masonry-shortcode-id-df3235060908cca6ca755ff15947dac1 .post-thumbnail-wrap,\n  #page .blog-shortcode.blog-masonry-shortcode-id-df3235060908cca6ca755ff15947dac1 .post-entry-content {\n    width: 100%;\n    margin: 0;\n    top: 0;\n  }\n  #page .blog-shortcode.blog-masonry-shortcode-id-df3235060908cca6ca755ff15947dac1 .post-thumbnail-wrap {\n    padding: 0;\n  }\n  #page .blog-shortcode.blog-masonry-shortcode-id-df3235060908cca6ca755ff15947dac1 .post-entry-content:after {\n    display: none;\n  }\n  #page .blog-shortcode.blog-masonry-shortcode-id-df3235060908cca6ca755ff15947dac1 .project-even .post-thumbnail-wrap,\n  #page .blog-shortcode.blog-masonry-shortcode-id-df3235060908cca6ca755ff15947dac1.centered-layout-list .post-thumbnail-wrap {\n    -ms-flex-order: 0;\n    order: 0;\n  }\n  #page .blog-shortcode.blog-masonry-shortcode-id-df3235060908cca6ca755ff15947dac1.centered-layout-list .post-entry-title-content {\n    -ms-flex-order: 1;\n    order: 1;\n    width: 100%;\n    padding: 20px 20px 0;\n  }\n  #page .blog-shortcode.blog-masonry-shortcode-id-df3235060908cca6ca755ff15947dac1.centered-layout-list .post-entry-content {\n    -ms-flex-order: 2;\n    order: 2;\n    padding-top: 0;\n  }\n  #page .blog-shortcode.blog-masonry-shortcode-id-df3235060908cca6ca755ff15947dac1 .fancy-categories {\n    top: 10px;\n    left: 10px;\n    bottom: auto;\n    right: auto;\n  }\n  #page .blog-shortcode.blog-masonry-shortcode-id-df3235060908cca6ca755ff15947dac1 .fancy-date a {\n    top: 10px;\n    right: 10px;\n    left: auto;\n    bottom: auto;\n  }\n  #page .blog-shortcode.blog-masonry-shortcode-id-df3235060908cca6ca755ff15947dac1 .post-entry-content {\n    padding: 20px;\n  }\n  #page .blog-shortcode.blog-masonry-shortcode-id-df3235060908cca6ca755ff15947dac1 .entry-title {\n    margin: 3px 0 5px;\n    font-size: 20px;\n    line-height: 26px;\n  }\n  #page .blog-shortcode.blog-masonry-shortcode-id-df3235060908cca6ca755ff15947dac1 .entry-meta {\n    margin: 5px 0 5px;\n  }\n  #page .blog-shortcode.blog-masonry-shortcode-id-df3235060908cca6ca755ff15947dac1 .entry-excerpt {\n    margin: 15px 0 0;\n  }\n  #page .blog-shortcode.blog-masonry-shortcode-id-df3235060908cca6ca755ff15947dac1 .post-details {\n    margin: 5px 0 10px;\n  }\n  #page .blog-shortcode.blog-masonry-shortcode-id-df3235060908cca6ca755ff15947dac1 .post-details.details-type-link {\n    margin-bottom: 2px;\n  }\n}\n.blog-shortcode.blog-masonry-shortcode-id-df3235060908cca6ca755ff15947dac1:not(.resize-by-browser-width) .dt-css-grid {\n  grid-row-gap: 30px;\n  grid-column-gap: 30px;\n  grid-template-columns: repeat(auto-fill,minmax(,1fr));\n}\n.blog-shortcode.blog-masonry-shortcode-id-df3235060908cca6ca755ff15947dac1:not(.resize-by-browser-width) .dt-css-grid .double-width {\n  grid-column: span 2;\n}\n.cssgridlegacy.no-cssgrid .blog-shortcode.blog-masonry-shortcode-id-df3235060908cca6ca755ff15947dac1:not(.resize-by-browser-width) .dt-css-grid,\n.no-cssgridlegacy.no-cssgrid .blog-shortcode.blog-masonry-shortcode-id-df3235060908cca6ca755ff15947dac1:not(.resize-by-browser-width) .dt-css-grid {\n  display: flex;\n  flex-flow: row wrap;\n  margin: -15px;\n}\n.cssgridlegacy.no-cssgrid .blog-shortcode.blog-masonry-shortcode-id-df3235060908cca6ca755ff15947dac1:not(.resize-by-browser-width) .dt-css-grid .wf-cell,\n.no-cssgridlegacy.no-cssgrid .blog-shortcode.blog-masonry-shortcode-id-df3235060908cca6ca755ff15947dac1:not(.resize-by-browser-width) .dt-css-grid .wf-cell {\n  flex: 1 0 ;\n  max-width: 100%;\n  padding: 15px;\n  box-sizing: border-box;\n}\n.blog-shortcode.blog-masonry-shortcode-id-df3235060908cca6ca755ff15947dac1.resize-by-browser-width .dt-css-grid {\n  grid-template-columns: repeat(2,1fr);\n  grid-template-rows: auto;\n  grid-column-gap: 30px;\n  grid-row-gap: 30px;\n}\n.blog-shortcode.blog-masonry-shortcode-id-df3235060908cca6ca755ff15947dac1.resize-by-browser-width .dt-css-grid .double-width {\n  grid-column: span 2;\n}\n.cssgridlegacy.no-cssgrid .blog-shortcode.blog-masonry-shortcode-id-df3235060908cca6ca755ff15947dac1.resize-by-browser-width .dt-css-grid {\n  margin: -15px;\n}\n.cssgridlegacy.no-cssgrid .blog-shortcode.blog-masonry-shortcode-id-df3235060908cca6ca755ff15947dac1.resize-by-browser-width .dt-css-grid .wf-cell {\n  width: 50%;\n  padding: 15px;\n}\n.cssgridlegacy.no-cssgrid .blog-shortcode.blog-masonry-shortcode-id-df3235060908cca6ca755ff15947dac1.resize-by-browser-width .dt-css-grid .wf-cell.double-width {\n  width: calc(50%) * 2;\n}\n.blog-shortcode.blog-masonry-shortcode-id-df3235060908cca6ca755ff15947dac1.resize-by-browser-width:not(.centered-layout-list):not(.content-bg-on) .dt-css-grid {\n  grid-row-gap: 0px;\n}\n@media screen and (max-width: 1199px) {\n  .blog-shortcode.blog-masonry-shortcode-id-df3235060908cca6ca755ff15947dac1.resize-by-browser-width .dt-css-grid {\n    grid-template-columns: repeat(2,1fr);\n  }\n  .cssgridlegacy.no-cssgrid .blog-shortcode.blog-masonry-shortcode-id-df3235060908cca6ca755ff15947dac1.resize-by-browser-width .dt-css-grid .wf-cell,\n  .no-cssgridlegacy.no-cssgrid .blog-shortcode.blog-masonry-shortcode-id-df3235060908cca6ca755ff15947dac1.resize-by-browser-width .dt-css-grid .wf-cell {\n    width: 50%;\n  }\n  .cssgridlegacy.no-cssgrid .blog-shortcode.blog-masonry-shortcode-id-df3235060908cca6ca755ff15947dac1.resize-by-browser-width .dt-css-grid .wf-cell.double-width,\n  .no-cssgridlegacy.no-cssgrid .blog-shortcode.blog-masonry-shortcode-id-df3235060908cca6ca755ff15947dac1.resize-by-browser-width .dt-css-grid .wf-cell.double-width {\n    width: calc(50%)*2;\n  }\n}\n@media screen and (max-width: 991px) {\n  .blog-shortcode.blog-masonry-shortcode-id-df3235060908cca6ca755ff15947dac1.resize-by-browser-width .dt-css-grid {\n    grid-template-columns: repeat(2,1fr);\n  }\n  .cssgridlegacy.no-cssgrid .blog-shortcode.blog-masonry-shortcode-id-df3235060908cca6ca755ff15947dac1.resize-by-browser-width .dt-css-grid .wf-cell,\n  .no-cssgridlegacy.no-cssgrid .blog-shortcode.blog-masonry-shortcode-id-df3235060908cca6ca755ff15947dac1.resize-by-browser-width .dt-css-grid .wf-cell {\n    width: 50%;\n  }\n  .cssgridlegacy.no-cssgrid .blog-shortcode.blog-masonry-shortcode-id-df3235060908cca6ca755ff15947dac1.resize-by-browser-width .dt-css-grid .wf-cell.double-width,\n  .no-cssgridlegacy.no-cssgrid .blog-shortcode.blog-masonry-shortcode-id-df3235060908cca6ca755ff15947dac1.resize-by-browser-width .dt-css-grid .wf-cell.double-width {\n    width: calc(50%)*2;\n  }\n}\n@media screen and (max-width: 767px) {\n  .blog-shortcode.blog-masonry-shortcode-id-df3235060908cca6ca755ff15947dac1.resize-by-browser-width .dt-css-grid {\n    grid-template-columns: repeat(1,1fr);\n  }\n  .blog-shortcode.blog-masonry-shortcode-id-df3235060908cca6ca755ff15947dac1.resize-by-browser-width .dt-css-grid .double-width {\n    grid-column: span 1;\n  }\n  .cssgridlegacy.no-cssgrid .blog-shortcode.blog-masonry-shortcode-id-df3235060908cca6ca755ff15947dac1.resize-by-browser-width .dt-css-grid .wf-cell,\n  .no-cssgridlegacy.no-cssgrid .blog-shortcode.blog-masonry-shortcode-id-df3235060908cca6ca755ff15947dac1.resize-by-browser-width .dt-css-grid .wf-cell {\n    width: 100%;\n  }\n  .cssgridlegacy.no-cssgrid .blog-shortcode.blog-masonry-shortcode-id-df3235060908cca6ca755ff15947dac1.resize-by-browser-width .dt-css-grid .wf-cell.double-width,\n  .no-cssgridlegacy.no-cssgrid .blog-shortcode.blog-masonry-shortcode-id-df3235060908cca6ca755ff15947dac1.resize-by-browser-width .dt-css-grid .wf-cell.double-width {\n    width: calc(100%)*2;\n  }\n}\n<\/style><div class=\"blog-shortcode blog-masonry-shortcode-id-df3235060908cca6ca755ff15947dac1 mode-grid classic-layout-list content-bg-on jquery-filter scale-img dt-css-grid-wrap dt-icon-bg-off resize-by-browser-width loading-effect-none description-under-image \" data-padding=\"15px\" data-cur-page=\"1\" data-post-limit=\"-1\" data-pagination-mode=\"none\" data-desktop-columns-num=\"2\" data-v-tablet-columns-num=\"2\" data-h-tablet-columns-num=\"2\" data-phone-columns-num=\"1\" data-width=\"0px\" data-columns=\"0\"><div class=\"dt-css-grid\" ><\/div><!-- iso-container|iso-grid --><\/div>[\/vc_column][\/vc_row]<\/p>\n","protected":false},"excerpt":{"rendered":"<p>[vc_row gap=&#8221;30&#8243; equal_height=&#8221;yes&#8221; bg_type=&#8221;bg_color&#8221; bg_override=&#8221;ex-full&#8221; type=&#8221;vc_default&#8221; css=&#8221;.vc_custom_1631171505533{padding-top: 70px !important;padding-bottom: 70px !important;}&#8221; bg_color_value=&#8221;#ffffff&#8221;][vc_column width=&#8221;1\/4&#8243;][vc_single_image image=&#8221;1622&#8243; img_size=&#8221;full&#8221; alignment=&#8221;center&#8221; style=&#8221;vc_box_circle_2&#8243;][\/vc_column][vc_column width=&#8221;3\/4&#8243;][\/vc_column][\/vc_row][vc_row][vc_column][\/vc_column][\/vc_row]<\/p>\n","protected":false},"author":1,"featured_media":0,"parent":0,"menu_order":0,"comment_status":"closed","ping_status":"closed","template":"template-microsite.php","meta":{"footnotes":""},"class_list":["post-1814","page","type-page","status-publish","hentry","description-off"],"yoast_head":"<!-- This site is optimized with the Yoast SEO plugin v17.4 - https:\/\/yoast.com\/wordpress\/plugins\/seo\/ -->\n<title>Contract Management - Sar\u0131ca Avukatl\u0131k B\u00fcrosu<\/title>\n<meta name=\"description\" content=\"Uluslararas\u0131 standartlarda hukuk hizmetleri sa\u011flamay\u0131 ilke edinmi\u015f olan Sar\u0131ca Avukatl\u0131k B\u00fcrosu, 2020 y\u0131l\u0131nda O\u011fuzhan Sar\u0131ca taraf\u0131ndan Antalya\u2019da kurulmu\u015ftur.\" \/>\n<meta name=\"robots\" content=\"index, follow, max-snippet:-1, max-image-preview:large, max-video-preview:-1\" \/>\n<link rel=\"canonical\" href=\"https:\/\/sarica.av.tr\/en\/contract-management\/\" \/>\n<meta property=\"og:locale\" content=\"en_US\" \/>\n<meta property=\"og:type\" content=\"article\" \/>\n<meta property=\"og:title\" content=\"Contract Management - Sar\u0131ca Avukatl\u0131k B\u00fcrosu\" \/>\n<meta property=\"og:description\" content=\"Uluslararas\u0131 standartlarda hukuk hizmetleri sa\u011flamay\u0131 ilke edinmi\u015f olan Sar\u0131ca Avukatl\u0131k B\u00fcrosu, 2020 y\u0131l\u0131nda O\u011fuzhan Sar\u0131ca taraf\u0131ndan Antalya\u2019da kurulmu\u015ftur.\" \/>\n<meta property=\"og:url\" content=\"https:\/\/sarica.av.tr\/en\/contract-management\/\" \/>\n<meta property=\"og:site_name\" content=\"Sar\u0131ca Avukatl\u0131k B\u00fcrosu\" \/>\n<meta property=\"article:modified_time\" content=\"2021-10-22T14:12:04+00:00\" \/>\n<meta name=\"twitter:card\" content=\"summary_large_image\" \/>\n<meta name=\"twitter:label1\" content=\"Est. reading time\" \/>\n\t<meta name=\"twitter:data1\" content=\"1 minute\" \/>\n<script type=\"application\/ld+json\" class=\"yoast-schema-graph\">{\"@context\":\"https:\/\/schema.org\",\"@graph\":[{\"@type\":\"WebSite\",\"@id\":\"https:\/\/sarica.av.tr\/#website\",\"url\":\"https:\/\/sarica.av.tr\/\",\"name\":\"Sar\\u0131ca Avukatl\\u0131k B\\u00fcrosu\",\"description\":\"\",\"potentialAction\":[{\"@type\":\"SearchAction\",\"target\":{\"@type\":\"EntryPoint\",\"urlTemplate\":\"https:\/\/sarica.av.tr\/?s={search_term_string}\"},\"query-input\":\"required name=search_term_string\"}],\"inLanguage\":\"en-US\"},{\"@type\":\"WebPage\",\"@id\":\"https:\/\/sarica.av.tr\/en\/contract-management\/#webpage\",\"url\":\"https:\/\/sarica.av.tr\/en\/contract-management\/\",\"name\":\"Contract Management - Sar\\u0131ca Avukatl\\u0131k B\\u00fcrosu\",\"isPartOf\":{\"@id\":\"https:\/\/sarica.av.tr\/#website\"},\"datePublished\":\"2021-10-22T11:52:26+00:00\",\"dateModified\":\"2021-10-22T14:12:04+00:00\",\"description\":\"Uluslararas\\u0131 standartlarda hukuk hizmetleri sa\\u011flamay\\u0131 ilke edinmi\\u015f olan Sar\\u0131ca Avukatl\\u0131k B\\u00fcrosu, 2020 y\\u0131l\\u0131nda O\\u011fuzhan Sar\\u0131ca taraf\\u0131ndan Antalya\\u2019da kurulmu\\u015ftur.\",\"breadcrumb\":{\"@id\":\"https:\/\/sarica.av.tr\/en\/contract-management\/#breadcrumb\"},\"inLanguage\":\"en-US\",\"potentialAction\":[{\"@type\":\"ReadAction\",\"target\":[\"https:\/\/sarica.av.tr\/en\/contract-management\/\"]}]},{\"@type\":\"BreadcrumbList\",\"@id\":\"https:\/\/sarica.av.tr\/en\/contract-management\/#breadcrumb\",\"itemListElement\":[{\"@type\":\"ListItem\",\"position\":1,\"name\":\"Anasayfa\",\"item\":\"https:\/\/sarica.av.tr\/en\/\"},{\"@type\":\"ListItem\",\"position\":2,\"name\":\"Contract Management\"}]}]}<\/script>\n<!-- \/ Yoast SEO plugin. -->","yoast_head_json":{"title":"Contract Management - Sar\u0131ca Avukatl\u0131k B\u00fcrosu","description":"Uluslararas\u0131 standartlarda hukuk hizmetleri sa\u011flamay\u0131 ilke edinmi\u015f olan Sar\u0131ca Avukatl\u0131k B\u00fcrosu, 2020 y\u0131l\u0131nda O\u011fuzhan Sar\u0131ca taraf\u0131ndan Antalya\u2019da kurulmu\u015ftur.","robots":{"index":"index","follow":"follow","max-snippet":"max-snippet:-1","max-image-preview":"max-image-preview:large","max-video-preview":"max-video-preview:-1"},"canonical":"https:\/\/sarica.av.tr\/en\/contract-management\/","og_locale":"en_US","og_type":"article","og_title":"Contract Management - Sar\u0131ca Avukatl\u0131k B\u00fcrosu","og_description":"Uluslararas\u0131 standartlarda hukuk hizmetleri sa\u011flamay\u0131 ilke edinmi\u015f olan Sar\u0131ca Avukatl\u0131k B\u00fcrosu, 2020 y\u0131l\u0131nda O\u011fuzhan Sar\u0131ca taraf\u0131ndan Antalya\u2019da kurulmu\u015ftur.","og_url":"https:\/\/sarica.av.tr\/en\/contract-management\/","og_site_name":"Sar\u0131ca Avukatl\u0131k B\u00fcrosu","article_modified_time":"2021-10-22T14:12:04+00:00","twitter_card":"summary_large_image","twitter_misc":{"Est. reading time":"1 minute"},"schema":{"@context":"https:\/\/schema.org","@graph":[{"@type":"WebSite","@id":"https:\/\/sarica.av.tr\/#website","url":"https:\/\/sarica.av.tr\/","name":"Sar\u0131ca Avukatl\u0131k B\u00fcrosu","description":"","potentialAction":[{"@type":"SearchAction","target":{"@type":"EntryPoint","urlTemplate":"https:\/\/sarica.av.tr\/?s={search_term_string}"},"query-input":"required name=search_term_string"}],"inLanguage":"en-US"},{"@type":"WebPage","@id":"https:\/\/sarica.av.tr\/en\/contract-management\/#webpage","url":"https:\/\/sarica.av.tr\/en\/contract-management\/","name":"Contract Management - Sar\u0131ca Avukatl\u0131k B\u00fcrosu","isPartOf":{"@id":"https:\/\/sarica.av.tr\/#website"},"datePublished":"2021-10-22T11:52:26+00:00","dateModified":"2021-10-22T14:12:04+00:00","description":"Uluslararas\u0131 standartlarda hukuk hizmetleri sa\u011flamay\u0131 ilke edinmi\u015f olan Sar\u0131ca Avukatl\u0131k B\u00fcrosu, 2020 y\u0131l\u0131nda O\u011fuzhan Sar\u0131ca taraf\u0131ndan Antalya\u2019da kurulmu\u015ftur.","breadcrumb":{"@id":"https:\/\/sarica.av.tr\/en\/contract-management\/#breadcrumb"},"inLanguage":"en-US","potentialAction":[{"@type":"ReadAction","target":["https:\/\/sarica.av.tr\/en\/contract-management\/"]}]},{"@type":"BreadcrumbList","@id":"https:\/\/sarica.av.tr\/en\/contract-management\/#breadcrumb","itemListElement":[{"@type":"ListItem","position":1,"name":"Anasayfa","item":"https:\/\/sarica.av.tr\/en\/"},{"@type":"ListItem","position":2,"name":"Contract Management"}]}]}},"_links":{"self":[{"href":"https:\/\/sarica.av.tr\/en\/wp-json\/wp\/v2\/pages\/1814","targetHints":{"allow":["GET"]}}],"collection":[{"href":"https:\/\/sarica.av.tr\/en\/wp-json\/wp\/v2\/pages"}],"about":[{"href":"https:\/\/sarica.av.tr\/en\/wp-json\/wp\/v2\/types\/page"}],"author":[{"embeddable":true,"href":"https:\/\/sarica.av.tr\/en\/wp-json\/wp\/v2\/users\/1"}],"replies":[{"embeddable":true,"href":"https:\/\/sarica.av.tr\/en\/wp-json\/wp\/v2\/comments?post=1814"}],"version-history":[{"count":3,"href":"https:\/\/sarica.av.tr\/en\/wp-json\/wp\/v2\/pages\/1814\/revisions"}],"predecessor-version":[{"id":1870,"href":"https:\/\/sarica.av.tr\/en\/wp-json\/wp\/v2\/pages\/1814\/revisions\/1870"}],"wp:attachment":[{"href":"https:\/\/sarica.av.tr\/en\/wp-json\/wp\/v2\/media?parent=1814"}],"curies":[{"name":"wp","href":"https:\/\/api.w.org\/{rel}","templated":true}]}}