{"id":1815,"date":"2021-10-22T14:53:24","date_gmt":"2021-10-22T11:53:24","guid":{"rendered":"https:\/\/sarica.av.tr\/dispute-resolution\/"},"modified":"2021-10-22T16:36:31","modified_gmt":"2021-10-22T13:36:31","slug":"dispute-resolution","status":"publish","type":"page","link":"https:\/\/sarica.av.tr\/en\/dispute-resolution\/","title":{"rendered":"Dispute Resolution"},"content":{"rendered":"<p>[vc_row gap=&#8221;30&#8243; equal_height=&#8221;yes&#8221; bg_type=&#8221;bg_color&#8221; bg_override=&#8221;ex-full&#8221; type=&#8221;vc_default&#8221; css=&#8221;.vc_custom_1631171505533{padding-top: 70px !important;padding-bottom: 70px !important;}&#8221; bg_color_value=&#8221;#ffffff&#8221;][vc_column width=&#8221;1\/4&#8243;][vc_single_image image=&#8221;1631&#8243; img_size=&#8221;full&#8221; alignment=&#8221;center&#8221; style=&#8221;vc_box_circle_2&#8243;][\/vc_column][vc_column width=&#8221;3\/4&#8243;]<div id=\"ultimate-heading-226869d20e3339b96\" class=\"uvc-heading ult-adjust-bottom-margin ultimate-heading-226869d20e3339b96 uvc-9015 \" data-hspacer=\"no_spacer\"  data-halign=\"left\" style=\"text-align:left\"><div class=\"uvc-heading-spacer no_spacer\" style=\"top\"><\/div><div class=\"uvc-main-heading ult-responsive\"  data-ultimate-target='.uvc-heading.ultimate-heading-226869d20e3339b96 h2'  data-responsive-json-new='{\"font-size\":\"desktop:30px;\",\"line-height\":\"desktop:40px;\"}' ><h2 style=\"--font-weight:theme;margin-top:10px;margin-bottom:10px;\">Dispute Resolution<\/h2><\/div><div class=\"uvc-sub-heading ult-responsive\"  data-ultimate-target='.uvc-heading.ultimate-heading-226869d20e3339b96 .uvc-sub-heading '  data-responsive-json-new='{\"font-size\":\"\",\"line-height\":\"\"}'  style=\"font-weight:normal;margin-top:10px;margin-bottom:10px;\"><span style=\"font-weight: 400;\">Legal dispute processes require a significant knowledge of procedural law in addition to an expertise in material law. Therefore, it is vital to receive professional legal assistance in order to prevent the risk of forfeiture that may result from an insignificant detail concerning procedural law. Sar\u0131ca Law Firm strategically represents its clients before civil and criminal courts. It is Sar\u0131ca Law Firm\u2019s core principle to resolve any legal dispute in the most practical and cost-effective way.<\/span><\/div><\/div>[\/vc_column][\/vc_row][vc_row][vc_column]<div id=\"ultimate-heading-759869d20e3339c1c\" class=\"uvc-heading ult-adjust-bottom-margin ultimate-heading-759869d20e3339c1c uvc-1065 \" data-hspacer=\"no_spacer\"  data-halign=\"left\" style=\"text-align:left\"><div class=\"uvc-heading-spacer no_spacer\" style=\"top\"><\/div><div class=\"uvc-main-heading ult-responsive\"  data-ultimate-target='.uvc-heading.ultimate-heading-759869d20e3339c1c h2'  data-responsive-json-new='{\"font-size\":\"desktop:30px;\",\"line-height\":\"desktop:40px;\"}' ><h2 style=\"font-family:&#039;PT Serif&#039;;--font-weight:theme;margin-top:10px;margin-bottom:10px;\">Blog<\/h2><\/div><\/div><style type=\"text\/css\" data-type=\"the7_shortcodes-inline-css\">.blog-shortcode.blog-masonry-shortcode-id-e0d0e3f53543400d9d3019b8b370c6a4.dividers-on.classic-layout-list article {\n  padding-top: 0;\n}\n.blog-shortcode.blog-masonry-shortcode-id-e0d0e3f53543400d9d3019b8b370c6a4.dividers-on.classic-layout-list article:first-of-type {\n  margin-top: 0;\n  padding-top: 0;\n}\n.blog-shortcode.blog-masonry-shortcode-id-e0d0e3f53543400d9d3019b8b370c6a4.classic-layout-list.mode-list .post-entry-content {\n  width: calc(100% - );\n}\n.blog-shortcode.blog-masonry-shortcode-id-e0d0e3f53543400d9d3019b8b370c6a4.classic-layout-list.mode-list .no-img .post-entry-content {\n  width: 100%;\n}\n.blog-shortcode.blog-masonry-shortcode-id-e0d0e3f53543400d9d3019b8b370c6a4 .filter-bg-decoration .filter-categories a.act {\n  color: #fff;\n}\n.blog-shortcode.blog-masonry-shortcode-id-e0d0e3f53543400d9d3019b8b370c6a4:not(.mode-masonry) article:first-of-type,\n.blog-shortcode.blog-masonry-shortcode-id-e0d0e3f53543400d9d3019b8b370c6a4:not(.mode-masonry) article.visible.first:not(.product) {\n  margin-top: 0;\n}\n.blog-shortcode.blog-masonry-shortcode-id-e0d0e3f53543400d9d3019b8b370c6a4.dividers-on:not(.mode-masonry) article {\n  margin-top: 0;\n}\n.blog-shortcode.blog-masonry-shortcode-id-e0d0e3f53543400d9d3019b8b370c6a4.dividers-on:not(.mode-masonry) article:first-of-type,\n.blog-shortcode.blog-masonry-shortcode-id-e0d0e3f53543400d9d3019b8b370c6a4.dividers-on:not(.mode-masonry) article.visible.first:not(.product) {\n  margin-top: 0;\n  padding-top: 0;\n}\n.blog-shortcode.blog-masonry-shortcode-id-e0d0e3f53543400d9d3019b8b370c6a4 .post-thumbnail-wrap {\n  padding: 0px 0px 0px 0px;\n}\n.blog-shortcode.blog-masonry-shortcode-id-e0d0e3f53543400d9d3019b8b370c6a4.enable-bg-rollover .post-thumbnail-rollover:after {\n  background: -webkit-linear-gradient();\n  background: linear-gradient();\n}\n.blog-shortcode.blog-masonry-shortcode-id-e0d0e3f53543400d9d3019b8b370c6a4 .gallery-zoom-ico {\n  width: 44px;\n  height: 44px;\n  line-height: 44px;\n  border-radius: 100px;\n  margin: -22px 0 0 -22px;\n  border-width: 0px;\n  color: #ffffff;\n}\n.bottom-overlap-layout-list.blog-shortcode.blog-masonry-shortcode-id-e0d0e3f53543400d9d3019b8b370c6a4 .gallery-zoom-ico {\n  margin-top: -72px;\n}\n.gradient-overlay-layout-list.blog-shortcode.blog-masonry-shortcode-id-e0d0e3f53543400d9d3019b8b370c6a4 .gallery-zoom-ico,\n.content-rollover-layout-list.blog-shortcode.blog-masonry-shortcode-id-e0d0e3f53543400d9d3019b8b370c6a4 .gallery-zoom-ico {\n  margin: 0 0 10px;\n}\n.content-align-center.gradient-overlay-layout-list.blog-shortcode.blog-masonry-shortcode-id-e0d0e3f53543400d9d3019b8b370c6a4 .gallery-zoom-ico,\n.content-align-center.content-rollover-layout-list.blog-shortcode.blog-masonry-shortcode-id-e0d0e3f53543400d9d3019b8b370c6a4 .gallery-zoom-ico {\n  margin: 0 auto 10px;\n}\n.dt-icon-bg-on.blog-shortcode.blog-masonry-shortcode-id-e0d0e3f53543400d9d3019b8b370c6a4 .gallery-zoom-ico {\n  background: rgba(255,255,255,0.3);\n  box-shadow: none;\n}\n.blog-shortcode.blog-masonry-shortcode-id-e0d0e3f53543400d9d3019b8b370c6a4 .gallery-zoom-ico > span,\n.blog-shortcode.blog-masonry-shortcode-id-e0d0e3f53543400d9d3019b8b370c6a4 .gallery-zoom-ico:before {\n  font-size: 32px;\n  line-height: 44px;\n}\n.blog-shortcode.blog-masonry-shortcode-id-e0d0e3f53543400d9d3019b8b370c6a4 .gallery-zoom-ico > span,\n.blog-shortcode.blog-masonry-shortcode-id-e0d0e3f53543400d9d3019b8b370c6a4 .gallery-zoom-ico:before {\n  color: #ffffff;\n}\n.blog-shortcode.blog-masonry-shortcode-id-e0d0e3f53543400d9d3019b8b370c6a4 .entry-title,\n.blog-shortcode.blog-masonry-shortcode-id-e0d0e3f53543400d9d3019b8b370c6a4.owl-carousel .entry-title {\n  margin-bottom: 5px;\n  font-weight: bold;\n}\n.blog-shortcode.blog-masonry-shortcode-id-e0d0e3f53543400d9d3019b8b370c6a4 .entry-meta {\n  margin-bottom: 15px;\n}\n.blog-shortcode.blog-masonry-shortcode-id-e0d0e3f53543400d9d3019b8b370c6a4 .portfolio-categories {\n  margin-bottom: 15px;\n}\n.blog-shortcode.blog-masonry-shortcode-id-e0d0e3f53543400d9d3019b8b370c6a4 .entry-excerpt {\n  margin-bottom: 5px;\n}\n.blog-shortcode.blog-masonry-shortcode-id-e0d0e3f53543400d9d3019b8b370c6a4:not(.centered-layout-list) .post-entry-content {\n  padding: 25px 30px 30px 30px;\n}\n.blog-shortcode.blog-masonry-shortcode-id-e0d0e3f53543400d9d3019b8b370c6a4:not(.centered-layout-list):not(.content-bg-on):not(.mode-list) .no-img .post-entry-content {\n  padding: 0;\n}\n@media screen and (max-width: ) {\n  .blog-shortcode.blog-masonry-shortcode-id-e0d0e3f53543400d9d3019b8b370c6a4 article {\n    -ms-flex-flow: column nowrap;\n    flex-flow: column nowrap;\n    margin-top: 20px;\n  }\n  .blog-shortcode.blog-masonry-shortcode-id-e0d0e3f53543400d9d3019b8b370c6a4.dividers-on article {\n    border: none;\n  }\n  .blog-shortcode.blog-masonry-shortcode-id-e0d0e3f53543400d9d3019b8b370c6a4.content-bg-on.centered-layout-list article {\n    padding: 0;\n  }\n  .blog-shortcode.blog-masonry-shortcode-id-e0d0e3f53543400d9d3019b8b370c6a4.blog-shortcode.dividers-on article,\n  .blog-shortcode.blog-masonry-shortcode-id-e0d0e3f53543400d9d3019b8b370c6a4.dividers-on.classic-layout-list article {\n    margin-top: 20px;\n    padding: 0;\n  }\n  .blog-shortcode.blog-masonry-shortcode-id-e0d0e3f53543400d9d3019b8b370c6a4.blog-shortcode.dividers-on article:first-of-type,\n  .blog-shortcode.blog-masonry-shortcode-id-e0d0e3f53543400d9d3019b8b370c6a4.dividers-on.classic-layout-list article:first-of-type {\n    padding: 0;\n  }\n  #page .blog-shortcode.blog-masonry-shortcode-id-e0d0e3f53543400d9d3019b8b370c6a4 .post-thumbnail-wrap,\n  #page .blog-shortcode.blog-masonry-shortcode-id-e0d0e3f53543400d9d3019b8b370c6a4 .post-entry-content {\n    width: 100%;\n    margin: 0;\n    top: 0;\n  }\n  #page .blog-shortcode.blog-masonry-shortcode-id-e0d0e3f53543400d9d3019b8b370c6a4 .post-thumbnail-wrap {\n    padding: 0;\n  }\n  #page .blog-shortcode.blog-masonry-shortcode-id-e0d0e3f53543400d9d3019b8b370c6a4 .post-entry-content:after {\n    display: none;\n  }\n  #page .blog-shortcode.blog-masonry-shortcode-id-e0d0e3f53543400d9d3019b8b370c6a4 .project-even .post-thumbnail-wrap,\n  #page .blog-shortcode.blog-masonry-shortcode-id-e0d0e3f53543400d9d3019b8b370c6a4.centered-layout-list .post-thumbnail-wrap {\n    -ms-flex-order: 0;\n    order: 0;\n  }\n  #page .blog-shortcode.blog-masonry-shortcode-id-e0d0e3f53543400d9d3019b8b370c6a4.centered-layout-list .post-entry-title-content {\n    -ms-flex-order: 1;\n    order: 1;\n    width: 100%;\n    padding: 20px 20px 0;\n  }\n  #page .blog-shortcode.blog-masonry-shortcode-id-e0d0e3f53543400d9d3019b8b370c6a4.centered-layout-list .post-entry-content {\n    -ms-flex-order: 2;\n    order: 2;\n    padding-top: 0;\n  }\n  #page .blog-shortcode.blog-masonry-shortcode-id-e0d0e3f53543400d9d3019b8b370c6a4 .fancy-categories {\n    top: 10px;\n    left: 10px;\n    bottom: auto;\n    right: auto;\n  }\n  #page .blog-shortcode.blog-masonry-shortcode-id-e0d0e3f53543400d9d3019b8b370c6a4 .fancy-date a {\n    top: 10px;\n    right: 10px;\n    left: auto;\n    bottom: auto;\n  }\n  #page .blog-shortcode.blog-masonry-shortcode-id-e0d0e3f53543400d9d3019b8b370c6a4 .post-entry-content {\n    padding: 20px;\n  }\n  #page .blog-shortcode.blog-masonry-shortcode-id-e0d0e3f53543400d9d3019b8b370c6a4 .entry-title {\n    margin: 3px 0 5px;\n    font-size: 20px;\n    line-height: 26px;\n  }\n  #page .blog-shortcode.blog-masonry-shortcode-id-e0d0e3f53543400d9d3019b8b370c6a4 .entry-meta {\n    margin: 5px 0 5px;\n  }\n  #page .blog-shortcode.blog-masonry-shortcode-id-e0d0e3f53543400d9d3019b8b370c6a4 .entry-excerpt {\n    margin: 15px 0 0;\n  }\n  #page .blog-shortcode.blog-masonry-shortcode-id-e0d0e3f53543400d9d3019b8b370c6a4 .post-details {\n    margin: 5px 0 10px;\n  }\n  #page .blog-shortcode.blog-masonry-shortcode-id-e0d0e3f53543400d9d3019b8b370c6a4 .post-details.details-type-link {\n    margin-bottom: 2px;\n  }\n}\n.blog-shortcode.blog-masonry-shortcode-id-e0d0e3f53543400d9d3019b8b370c6a4:not(.resize-by-browser-width) .dt-css-grid {\n  grid-row-gap: 30px;\n  grid-column-gap: 30px;\n  grid-template-columns: repeat(auto-fill,minmax(,1fr));\n}\n.blog-shortcode.blog-masonry-shortcode-id-e0d0e3f53543400d9d3019b8b370c6a4:not(.resize-by-browser-width) .dt-css-grid .double-width {\n  grid-column: span 2;\n}\n.cssgridlegacy.no-cssgrid .blog-shortcode.blog-masonry-shortcode-id-e0d0e3f53543400d9d3019b8b370c6a4:not(.resize-by-browser-width) .dt-css-grid,\n.no-cssgridlegacy.no-cssgrid .blog-shortcode.blog-masonry-shortcode-id-e0d0e3f53543400d9d3019b8b370c6a4:not(.resize-by-browser-width) .dt-css-grid {\n  display: flex;\n  flex-flow: row wrap;\n  margin: -15px;\n}\n.cssgridlegacy.no-cssgrid .blog-shortcode.blog-masonry-shortcode-id-e0d0e3f53543400d9d3019b8b370c6a4:not(.resize-by-browser-width) .dt-css-grid .wf-cell,\n.no-cssgridlegacy.no-cssgrid .blog-shortcode.blog-masonry-shortcode-id-e0d0e3f53543400d9d3019b8b370c6a4:not(.resize-by-browser-width) .dt-css-grid .wf-cell {\n  flex: 1 0 ;\n  max-width: 100%;\n  padding: 15px;\n  box-sizing: border-box;\n}\n.blog-shortcode.blog-masonry-shortcode-id-e0d0e3f53543400d9d3019b8b370c6a4.resize-by-browser-width .dt-css-grid {\n  grid-template-columns: repeat(2,1fr);\n  grid-template-rows: auto;\n  grid-column-gap: 30px;\n  grid-row-gap: 30px;\n}\n.blog-shortcode.blog-masonry-shortcode-id-e0d0e3f53543400d9d3019b8b370c6a4.resize-by-browser-width .dt-css-grid .double-width {\n  grid-column: span 2;\n}\n.cssgridlegacy.no-cssgrid .blog-shortcode.blog-masonry-shortcode-id-e0d0e3f53543400d9d3019b8b370c6a4.resize-by-browser-width .dt-css-grid {\n  margin: -15px;\n}\n.cssgridlegacy.no-cssgrid .blog-shortcode.blog-masonry-shortcode-id-e0d0e3f53543400d9d3019b8b370c6a4.resize-by-browser-width .dt-css-grid .wf-cell {\n  width: 50%;\n  padding: 15px;\n}\n.cssgridlegacy.no-cssgrid .blog-shortcode.blog-masonry-shortcode-id-e0d0e3f53543400d9d3019b8b370c6a4.resize-by-browser-width .dt-css-grid .wf-cell.double-width {\n  width: calc(50%) * 2;\n}\n.blog-shortcode.blog-masonry-shortcode-id-e0d0e3f53543400d9d3019b8b370c6a4.resize-by-browser-width:not(.centered-layout-list):not(.content-bg-on) .dt-css-grid {\n  grid-row-gap: 0px;\n}\n@media screen and (max-width: 1199px) {\n  .blog-shortcode.blog-masonry-shortcode-id-e0d0e3f53543400d9d3019b8b370c6a4.resize-by-browser-width .dt-css-grid {\n    grid-template-columns: repeat(2,1fr);\n  }\n  .cssgridlegacy.no-cssgrid .blog-shortcode.blog-masonry-shortcode-id-e0d0e3f53543400d9d3019b8b370c6a4.resize-by-browser-width .dt-css-grid .wf-cell,\n  .no-cssgridlegacy.no-cssgrid .blog-shortcode.blog-masonry-shortcode-id-e0d0e3f53543400d9d3019b8b370c6a4.resize-by-browser-width .dt-css-grid .wf-cell {\n    width: 50%;\n  }\n  .cssgridlegacy.no-cssgrid .blog-shortcode.blog-masonry-shortcode-id-e0d0e3f53543400d9d3019b8b370c6a4.resize-by-browser-width .dt-css-grid .wf-cell.double-width,\n  .no-cssgridlegacy.no-cssgrid .blog-shortcode.blog-masonry-shortcode-id-e0d0e3f53543400d9d3019b8b370c6a4.resize-by-browser-width .dt-css-grid .wf-cell.double-width {\n    width: calc(50%)*2;\n  }\n}\n@media screen and (max-width: 991px) {\n  .blog-shortcode.blog-masonry-shortcode-id-e0d0e3f53543400d9d3019b8b370c6a4.resize-by-browser-width .dt-css-grid {\n    grid-template-columns: repeat(2,1fr);\n  }\n  .cssgridlegacy.no-cssgrid .blog-shortcode.blog-masonry-shortcode-id-e0d0e3f53543400d9d3019b8b370c6a4.resize-by-browser-width .dt-css-grid .wf-cell,\n  .no-cssgridlegacy.no-cssgrid .blog-shortcode.blog-masonry-shortcode-id-e0d0e3f53543400d9d3019b8b370c6a4.resize-by-browser-width .dt-css-grid .wf-cell {\n    width: 50%;\n  }\n  .cssgridlegacy.no-cssgrid .blog-shortcode.blog-masonry-shortcode-id-e0d0e3f53543400d9d3019b8b370c6a4.resize-by-browser-width .dt-css-grid .wf-cell.double-width,\n  .no-cssgridlegacy.no-cssgrid .blog-shortcode.blog-masonry-shortcode-id-e0d0e3f53543400d9d3019b8b370c6a4.resize-by-browser-width .dt-css-grid .wf-cell.double-width {\n    width: calc(50%)*2;\n  }\n}\n@media screen and (max-width: 767px) {\n  .blog-shortcode.blog-masonry-shortcode-id-e0d0e3f53543400d9d3019b8b370c6a4.resize-by-browser-width .dt-css-grid {\n    grid-template-columns: repeat(1,1fr);\n  }\n  .blog-shortcode.blog-masonry-shortcode-id-e0d0e3f53543400d9d3019b8b370c6a4.resize-by-browser-width .dt-css-grid .double-width {\n    grid-column: span 1;\n  }\n  .cssgridlegacy.no-cssgrid .blog-shortcode.blog-masonry-shortcode-id-e0d0e3f53543400d9d3019b8b370c6a4.resize-by-browser-width .dt-css-grid .wf-cell,\n  .no-cssgridlegacy.no-cssgrid .blog-shortcode.blog-masonry-shortcode-id-e0d0e3f53543400d9d3019b8b370c6a4.resize-by-browser-width .dt-css-grid .wf-cell {\n    width: 100%;\n  }\n  .cssgridlegacy.no-cssgrid .blog-shortcode.blog-masonry-shortcode-id-e0d0e3f53543400d9d3019b8b370c6a4.resize-by-browser-width .dt-css-grid .wf-cell.double-width,\n  .no-cssgridlegacy.no-cssgrid .blog-shortcode.blog-masonry-shortcode-id-e0d0e3f53543400d9d3019b8b370c6a4.resize-by-browser-width .dt-css-grid .wf-cell.double-width {\n    width: calc(100%)*2;\n  }\n}\n<\/style><div class=\"blog-shortcode blog-masonry-shortcode-id-e0d0e3f53543400d9d3019b8b370c6a4 mode-grid classic-layout-list content-bg-on jquery-filter scale-img dt-css-grid-wrap dt-icon-bg-off resize-by-browser-width loading-effect-none description-under-image \" data-padding=\"15px\" data-cur-page=\"1\" data-post-limit=\"-1\" data-pagination-mode=\"none\" data-desktop-columns-num=\"2\" data-v-tablet-columns-num=\"2\" data-h-tablet-columns-num=\"2\" data-phone-columns-num=\"1\" data-width=\"0px\" data-columns=\"0\"><div class=\"dt-css-grid\" ><\/div><!-- iso-container|iso-grid --><\/div>[\/vc_column][\/vc_row]<\/p>\n","protected":false},"excerpt":{"rendered":"<p>[vc_row gap=&#8221;30&#8243; equal_height=&#8221;yes&#8221; bg_type=&#8221;bg_color&#8221; bg_override=&#8221;ex-full&#8221; type=&#8221;vc_default&#8221; css=&#8221;.vc_custom_1631171505533{padding-top: 70px !important;padding-bottom: 70px !important;}&#8221; bg_color_value=&#8221;#ffffff&#8221;][vc_column width=&#8221;1\/4&#8243;][vc_single_image image=&#8221;1631&#8243; img_size=&#8221;full&#8221; alignment=&#8221;center&#8221; style=&#8221;vc_box_circle_2&#8243;][\/vc_column][vc_column width=&#8221;3\/4&#8243;][\/vc_column][\/vc_row][vc_row][vc_column][\/vc_column][\/vc_row]<\/p>\n","protected":false},"author":1,"featured_media":0,"parent":0,"menu_order":0,"comment_status":"closed","ping_status":"closed","template":"template-microsite.php","meta":{"footnotes":""},"class_list":["post-1815","page","type-page","status-publish","hentry","description-off"],"yoast_head":"<!-- This site is optimized with the Yoast SEO plugin v17.4 - https:\/\/yoast.com\/wordpress\/plugins\/seo\/ -->\n<title>Dispute Resolution - Sar\u0131ca Avukatl\u0131k B\u00fcrosu<\/title>\n<meta name=\"description\" content=\"Uluslararas\u0131 standartlarda hukuk hizmetleri sa\u011flamay\u0131 ilke edinmi\u015f olan Sar\u0131ca Avukatl\u0131k B\u00fcrosu, 2020 y\u0131l\u0131nda O\u011fuzhan Sar\u0131ca taraf\u0131ndan Antalya\u2019da kurulmu\u015ftur.\" \/>\n<meta name=\"robots\" content=\"index, follow, max-snippet:-1, max-image-preview:large, max-video-preview:-1\" \/>\n<link rel=\"canonical\" href=\"https:\/\/sarica.av.tr\/en\/dispute-resolution\/\" \/>\n<meta property=\"og:locale\" content=\"en_US\" \/>\n<meta property=\"og:type\" content=\"article\" \/>\n<meta property=\"og:title\" content=\"Dispute Resolution - Sar\u0131ca Avukatl\u0131k B\u00fcrosu\" \/>\n<meta property=\"og:description\" content=\"Uluslararas\u0131 standartlarda hukuk hizmetleri sa\u011flamay\u0131 ilke edinmi\u015f olan Sar\u0131ca Avukatl\u0131k B\u00fcrosu, 2020 y\u0131l\u0131nda O\u011fuzhan Sar\u0131ca taraf\u0131ndan Antalya\u2019da kurulmu\u015ftur.\" \/>\n<meta property=\"og:url\" content=\"https:\/\/sarica.av.tr\/en\/dispute-resolution\/\" \/>\n<meta property=\"og:site_name\" content=\"Sar\u0131ca Avukatl\u0131k B\u00fcrosu\" \/>\n<meta property=\"article:modified_time\" content=\"2021-10-22T13:36:31+00:00\" \/>\n<meta name=\"twitter:card\" content=\"summary_large_image\" \/>\n<meta name=\"twitter:label1\" content=\"Est. reading time\" \/>\n\t<meta name=\"twitter:data1\" content=\"1 minute\" \/>\n<script type=\"application\/ld+json\" class=\"yoast-schema-graph\">{\"@context\":\"https:\/\/schema.org\",\"@graph\":[{\"@type\":\"WebSite\",\"@id\":\"https:\/\/sarica.av.tr\/#website\",\"url\":\"https:\/\/sarica.av.tr\/\",\"name\":\"Sar\\u0131ca Avukatl\\u0131k B\\u00fcrosu\",\"description\":\"\",\"potentialAction\":[{\"@type\":\"SearchAction\",\"target\":{\"@type\":\"EntryPoint\",\"urlTemplate\":\"https:\/\/sarica.av.tr\/?s={search_term_string}\"},\"query-input\":\"required name=search_term_string\"}],\"inLanguage\":\"en-US\"},{\"@type\":\"WebPage\",\"@id\":\"https:\/\/sarica.av.tr\/en\/dispute-resolution\/#webpage\",\"url\":\"https:\/\/sarica.av.tr\/en\/dispute-resolution\/\",\"name\":\"Dispute Resolution - Sar\\u0131ca Avukatl\\u0131k B\\u00fcrosu\",\"isPartOf\":{\"@id\":\"https:\/\/sarica.av.tr\/#website\"},\"datePublished\":\"2021-10-22T11:53:24+00:00\",\"dateModified\":\"2021-10-22T13:36:31+00:00\",\"description\":\"Uluslararas\\u0131 standartlarda hukuk hizmetleri sa\\u011flamay\\u0131 ilke edinmi\\u015f olan Sar\\u0131ca Avukatl\\u0131k B\\u00fcrosu, 2020 y\\u0131l\\u0131nda O\\u011fuzhan Sar\\u0131ca taraf\\u0131ndan Antalya\\u2019da kurulmu\\u015ftur.\",\"breadcrumb\":{\"@id\":\"https:\/\/sarica.av.tr\/en\/dispute-resolution\/#breadcrumb\"},\"inLanguage\":\"en-US\",\"potentialAction\":[{\"@type\":\"ReadAction\",\"target\":[\"https:\/\/sarica.av.tr\/en\/dispute-resolution\/\"]}]},{\"@type\":\"BreadcrumbList\",\"@id\":\"https:\/\/sarica.av.tr\/en\/dispute-resolution\/#breadcrumb\",\"itemListElement\":[{\"@type\":\"ListItem\",\"position\":1,\"name\":\"Anasayfa\",\"item\":\"https:\/\/sarica.av.tr\/en\/\"},{\"@type\":\"ListItem\",\"position\":2,\"name\":\"Dispute Resolution\"}]}]}<\/script>\n<!-- \/ Yoast SEO plugin. -->","yoast_head_json":{"title":"Dispute Resolution - Sar\u0131ca Avukatl\u0131k B\u00fcrosu","description":"Uluslararas\u0131 standartlarda hukuk hizmetleri sa\u011flamay\u0131 ilke edinmi\u015f olan Sar\u0131ca Avukatl\u0131k B\u00fcrosu, 2020 y\u0131l\u0131nda O\u011fuzhan Sar\u0131ca taraf\u0131ndan Antalya\u2019da kurulmu\u015ftur.","robots":{"index":"index","follow":"follow","max-snippet":"max-snippet:-1","max-image-preview":"max-image-preview:large","max-video-preview":"max-video-preview:-1"},"canonical":"https:\/\/sarica.av.tr\/en\/dispute-resolution\/","og_locale":"en_US","og_type":"article","og_title":"Dispute Resolution - Sar\u0131ca Avukatl\u0131k B\u00fcrosu","og_description":"Uluslararas\u0131 standartlarda hukuk hizmetleri sa\u011flamay\u0131 ilke edinmi\u015f olan Sar\u0131ca Avukatl\u0131k B\u00fcrosu, 2020 y\u0131l\u0131nda O\u011fuzhan Sar\u0131ca taraf\u0131ndan Antalya\u2019da kurulmu\u015ftur.","og_url":"https:\/\/sarica.av.tr\/en\/dispute-resolution\/","og_site_name":"Sar\u0131ca Avukatl\u0131k B\u00fcrosu","article_modified_time":"2021-10-22T13:36:31+00:00","twitter_card":"summary_large_image","twitter_misc":{"Est. reading time":"1 minute"},"schema":{"@context":"https:\/\/schema.org","@graph":[{"@type":"WebSite","@id":"https:\/\/sarica.av.tr\/#website","url":"https:\/\/sarica.av.tr\/","name":"Sar\u0131ca Avukatl\u0131k B\u00fcrosu","description":"","potentialAction":[{"@type":"SearchAction","target":{"@type":"EntryPoint","urlTemplate":"https:\/\/sarica.av.tr\/?s={search_term_string}"},"query-input":"required name=search_term_string"}],"inLanguage":"en-US"},{"@type":"WebPage","@id":"https:\/\/sarica.av.tr\/en\/dispute-resolution\/#webpage","url":"https:\/\/sarica.av.tr\/en\/dispute-resolution\/","name":"Dispute Resolution - Sar\u0131ca Avukatl\u0131k B\u00fcrosu","isPartOf":{"@id":"https:\/\/sarica.av.tr\/#website"},"datePublished":"2021-10-22T11:53:24+00:00","dateModified":"2021-10-22T13:36:31+00:00","description":"Uluslararas\u0131 standartlarda hukuk hizmetleri sa\u011flamay\u0131 ilke edinmi\u015f olan Sar\u0131ca Avukatl\u0131k B\u00fcrosu, 2020 y\u0131l\u0131nda O\u011fuzhan Sar\u0131ca taraf\u0131ndan Antalya\u2019da kurulmu\u015ftur.","breadcrumb":{"@id":"https:\/\/sarica.av.tr\/en\/dispute-resolution\/#breadcrumb"},"inLanguage":"en-US","potentialAction":[{"@type":"ReadAction","target":["https:\/\/sarica.av.tr\/en\/dispute-resolution\/"]}]},{"@type":"BreadcrumbList","@id":"https:\/\/sarica.av.tr\/en\/dispute-resolution\/#breadcrumb","itemListElement":[{"@type":"ListItem","position":1,"name":"Anasayfa","item":"https:\/\/sarica.av.tr\/en\/"},{"@type":"ListItem","position":2,"name":"Dispute Resolution"}]}]}},"_links":{"self":[{"href":"https:\/\/sarica.av.tr\/en\/wp-json\/wp\/v2\/pages\/1815","targetHints":{"allow":["GET"]}}],"collection":[{"href":"https:\/\/sarica.av.tr\/en\/wp-json\/wp\/v2\/pages"}],"about":[{"href":"https:\/\/sarica.av.tr\/en\/wp-json\/wp\/v2\/types\/page"}],"author":[{"embeddable":true,"href":"https:\/\/sarica.av.tr\/en\/wp-json\/wp\/v2\/users\/1"}],"replies":[{"embeddable":true,"href":"https:\/\/sarica.av.tr\/en\/wp-json\/wp\/v2\/comments?post=1815"}],"version-history":[{"count":2,"href":"https:\/\/sarica.av.tr\/en\/wp-json\/wp\/v2\/pages\/1815\/revisions"}],"predecessor-version":[{"id":1867,"href":"https:\/\/sarica.av.tr\/en\/wp-json\/wp\/v2\/pages\/1815\/revisions\/1867"}],"wp:attachment":[{"href":"https:\/\/sarica.av.tr\/en\/wp-json\/wp\/v2\/media?parent=1815"}],"curies":[{"name":"wp","href":"https:\/\/api.w.org\/{rel}","templated":true}]}}